{"id":1049,"date":"2023-06-15T09:34:34","date_gmt":"2023-06-15T07:34:34","guid":{"rendered":"https:\/\/360motogarage.com\/?page_id=1049"},"modified":"2023-07-13T21:45:56","modified_gmt":"2023-07-13T19:45:56","slug":"politica-de-privacidad","status":"publish","type":"page","link":"https:\/\/360motogarage.com\/en\/politica-de-privacidad\/","title":{"rendered":"Privacy Policy"},"content":{"rendered":"<div data-elementor-type=\"wp-page\" data-elementor-id=\"1049\" class=\"elementor elementor-1049\">\n\t\t\t\t\t\t<section class=\"elementor-section elementor-top-section elementor-element elementor-element-25e2e46 elementor-section-stretched elementor-section-full_width elementor-section-height-default elementor-section-height-default\" data-id=\"25e2e46\" data-element_type=\"section\" data-settings=\"{&quot;stretch_section&quot;:&quot;section-stretched&quot;,&quot;background_background&quot;:&quot;classic&quot;}\">\n\t\t\t\t\t\t<div class=\"elementor-container elementor-column-gap-default\">\n\t\t\t\t\t<div class=\"elementor-column elementor-col-100 elementor-top-column elementor-element elementor-element-d6edcba elementor-invisible\" data-id=\"d6edcba\" data-element_type=\"column\" data-settings=\"{&quot;animation&quot;:&quot;fadeIn&quot;}\">\n\t\t\t<div class=\"elementor-widget-wrap elementor-element-populated\">\n\t\t\t\t\t\t<div class=\"elementor-element elementor-element-72f8a4f elementor-widget elementor-widget-spacer\" data-id=\"72f8a4f\" data-element_type=\"widget\" data-widget_type=\"spacer.default\">\n\t\t\t\t<div class=\"elementor-widget-container\">\n\t\t\t<style>\/*! elementor - v3.23.0 - 05-08-2024 *\/\n.elementor-column .elementor-spacer-inner{height:var(--spacer-size)}.e-con{--container-widget-width:100%}.e-con-inner>.elementor-widget-spacer,.e-con>.elementor-widget-spacer{width:var(--container-widget-width,var(--spacer-size));--align-self:var(--container-widget-align-self,initial);--flex-shrink:0}.e-con-inner>.elementor-widget-spacer>.elementor-widget-container,.e-con>.elementor-widget-spacer>.elementor-widget-container{height:100%;width:100%}.e-con-inner>.elementor-widget-spacer>.elementor-widget-container>.elementor-spacer,.e-con>.elementor-widget-spacer>.elementor-widget-container>.elementor-spacer{height:100%}.e-con-inner>.elementor-widget-spacer>.elementor-widget-container>.elementor-spacer>.elementor-spacer-inner,.e-con>.elementor-widget-spacer>.elementor-widget-container>.elementor-spacer>.elementor-spacer-inner{height:var(--container-widget-height,var(--spacer-size))}.e-con-inner>.elementor-widget-spacer.elementor-widget-empty,.e-con>.elementor-widget-spacer.elementor-widget-empty{position:relative;min-height:22px;min-width:22px}.e-con-inner>.elementor-widget-spacer.elementor-widget-empty .elementor-widget-empty-icon,.e-con>.elementor-widget-spacer.elementor-widget-empty .elementor-widget-empty-icon{position:absolute;top:0;bottom:0;left:0;right:0;margin:auto;padding:0;width:22px;height:22px}<\/style>\t\t<div class=\"elementor-spacer\">\n\t\t\t<div class=\"elementor-spacer-inner\"><\/div>\n\t\t<\/div>\n\t\t\t\t<\/div>\n\t\t\t\t<\/div>\n\t\t\t\t<div class=\"elementor-element elementor-element-59b4132 elementor-invisible elementor-widget elementor-widget-heading\" data-id=\"59b4132\" data-element_type=\"widget\" data-settings=\"{&quot;_animation&quot;:&quot;fadeInUp&quot;}\" data-widget_type=\"heading.default\">\n\t\t\t\t<div class=\"elementor-widget-container\">\n\t\t\t<style>\/*! elementor - v3.23.0 - 05-08-2024 *\/\n.elementor-heading-title{padding:0;margin:0;line-height:1}.elementor-widget-heading .elementor-heading-title[class*=elementor-size-]>a{color:inherit;font-size:inherit;line-height:inherit}.elementor-widget-heading .elementor-heading-title.elementor-size-small{font-size:15px}.elementor-widget-heading .elementor-heading-title.elementor-size-medium{font-size:19px}.elementor-widget-heading .elementor-heading-title.elementor-size-large{font-size:29px}.elementor-widget-heading .elementor-heading-title.elementor-size-xl{font-size:39px}.elementor-widget-heading .elementor-heading-title.elementor-size-xxl{font-size:59px}<\/style><h2 class=\"elementor-heading-title elementor-size-default\">PRIVACY AND COOKIES POLICIES<\/h2>\t\t<\/div>\n\t\t\t\t<\/div>\n\t\t\t\t\t<\/div>\n\t\t<\/div>\n\t\t\t\t\t<\/div>\n\t\t<\/section>\n\t\t\t\t<section class=\"elementor-section elementor-top-section elementor-element elementor-element-4a5d939 elementor-section-full_width elementor-section-stretched elementor-section-height-default elementor-section-height-default\" data-id=\"4a5d939\" data-element_type=\"section\" id=\"contactanos\" data-settings=\"{&quot;stretch_section&quot;:&quot;section-stretched&quot;,&quot;background_background&quot;:&quot;classic&quot;}\">\n\t\t\t\t\t\t<div class=\"elementor-container elementor-column-gap-default\">\n\t\t\t\t\t<div class=\"elementor-column elementor-col-100 elementor-top-column elementor-element elementor-element-56d3ff8\" data-id=\"56d3ff8\" data-element_type=\"column\">\n\t\t\t<div class=\"elementor-widget-wrap elementor-element-populated\">\n\t\t\t\t\t\t<section class=\"elementor-section elementor-inner-section elementor-element elementor-element-5aa1ad9 elementor-section-boxed elementor-section-height-default elementor-section-height-default\" data-id=\"5aa1ad9\" data-element_type=\"section\">\n\t\t\t\t\t\t<div class=\"elementor-container elementor-column-gap-default\">\n\t\t\t\t\t<div class=\"elementor-column elementor-col-100 elementor-inner-column elementor-element elementor-element-13d5351\" data-id=\"13d5351\" data-element_type=\"column\">\n\t\t\t<div class=\"elementor-widget-wrap elementor-element-populated\">\n\t\t\t\t\t\t<div class=\"elementor-element elementor-element-d4f19b3 elementor-widget elementor-widget-spacer\" data-id=\"d4f19b3\" data-element_type=\"widget\" data-widget_type=\"spacer.default\">\n\t\t\t\t<div class=\"elementor-widget-container\">\n\t\t\t\t\t<div class=\"elementor-spacer\">\n\t\t\t<div class=\"elementor-spacer-inner\"><\/div>\n\t\t<\/div>\n\t\t\t\t<\/div>\n\t\t\t\t<\/div>\n\t\t\t\t<div class=\"elementor-element elementor-element-098520f elementor-widget__width-initial elementor-widget elementor-widget-text-editor\" data-id=\"098520f\" data-element_type=\"widget\" data-widget_type=\"text-editor.default\">\n\t\t\t\t<div class=\"elementor-widget-container\">\n\t\t\t<style>\/*! elementor - v3.23.0 - 05-08-2024 *\/\n.elementor-widget-text-editor.elementor-drop-cap-view-stacked .elementor-drop-cap{background-color:#69727d;color:#fff}.elementor-widget-text-editor.elementor-drop-cap-view-framed .elementor-drop-cap{color:#69727d;border:3px solid;background-color:transparent}.elementor-widget-text-editor:not(.elementor-drop-cap-view-default) .elementor-drop-cap{margin-top:8px}.elementor-widget-text-editor:not(.elementor-drop-cap-view-default) .elementor-drop-cap-letter{width:1em;height:1em}.elementor-widget-text-editor .elementor-drop-cap{float:left;text-align:center;line-height:1;font-size:50px}.elementor-widget-text-editor .elementor-drop-cap-letter{display:inline-block}<\/style>\t\t\t\t<p><span style=\"font-weight: 400;\">Nos tomamos muy en serio la protecci\u00f3n de tu privacidad y nos comprometemos a cumplir con las leyes y regulaciones aplicables en materia de protecci\u00f3n de datos en Espa\u00f1a. Esta Pol\u00edtica de Privacidad describe c\u00f3mo recopilamos, usamos, divulgamos y protegemos tu informaci\u00f3n personal cuando utilizas nuestro sitio web y servicios relacionados www.360motogarage.com.<\/span><\/p><p><span style=\"font-weight: 400;\">Al utilizar nuestro Sitio, aceptas las pr\u00e1cticas descritas en esta Pol\u00edtica de Privacidad. Te recomendamos que leas detenidamente este documento para comprender nuestras pol\u00edticas y pr\u00e1cticas con respecto a tu informaci\u00f3n personal.<\/span><\/p><p><strong>Information we collect<\/strong><\/p><p><span style=\"font-weight: 400;\">Recopilamos diferentes tipos de informaci\u00f3n cuando utilizas nuestro Sitio, incluyendo:<\/span><\/p><p><span style=\"font-weight: 400;\">1.1. Informaci\u00f3n personal proporcionada por t\u00ed: Podemos recopilar informaci\u00f3n personal que t\u00fa nos proporcionas directamente cuando te registras en nuestro Sitio, creas una cuenta, realizas una reserva o utilizas nuestros servicios. Esta informaci\u00f3n puede incluir tu nombre, direcci\u00f3n de correo electr\u00f3nico, n\u00famero de tel\u00e9fono, informaci\u00f3n de facturaci\u00f3n y cualquier otra informaci\u00f3n que elijas proporcionarnos.<\/span><\/p><p><span style=\"font-weight: 400;\">1.2. Informaci\u00f3n recopilada autom\u00e1ticamente: Tambi\u00e9n recopilamos cierta informaci\u00f3n autom\u00e1ticamente cuando visitas nuestro Sitio. Esto puede incluir tu direcci\u00f3n IP, tipo de navegador, proveedor de servicios de Internet, p\u00e1ginas de referencia\/salida, sistema operativo, marca y modelo del dispositivo, datos de ubicaci\u00f3n aproximada y otra informaci\u00f3n similar.<\/span><\/p><p><strong>Information use<\/strong><\/p><p><span style=\"font-weight: 400;\">We use the information collected for the following purposes:<\/span><\/p><p><span style=\"font-weight: 400;\">2.1. Procesamiento de reservas y prestaci\u00f3n de servicios: Utilizamos tu informaci\u00f3n personal para procesar y gestionar tus reservas de alquiler de motos y para proporcionarte los servicios solicitados.<\/span><\/p><p><span style=\"font-weight: 400;\">2.2. Comunicaci\u00f3n: Podemos utilizar tu informaci\u00f3n para comunicarnos con usted sobre tu reserva, enviarte actualizaciones y notificaciones relacionadas con nuestros servicios, responder a tus consultas y brindarte asistencia al cliente.<\/span><\/p><p><span style=\"font-weight: 400;\">2.3. Mejora de nuestro Sitio: Utilizamos la informaci\u00f3n recopilada para analizar y comprender c\u00f3mo los usuarios interact\u00faan con nuestro Sitio, para mejorar su funcionamiento, contenido y dise\u00f1o, y para personalizar tu experiencia.<\/span><\/p><p><span style=\"font-weight: 400;\">2.4. Cumplimiento legal: Podemos utilizar tu informaci\u00f3n personal para cumplir con nuestras obligaciones legales y reguladoras, as\u00ed como para hacer valer nuestros derechos legales.<\/span><\/p><p><strong>Information divulgation<\/strong><\/p><p><span style=\"font-weight: 400;\">No vendemos, alquilamos ni divulgamos tu informaci\u00f3n personal a terceros sin tu consentimiento, excepto en los siguientes casos:<\/span><\/p><p><span style=\"font-weight: 400;\">3.1. Proveedores de servicios: Podemos compartir tu informaci\u00f3n con terceros que nos brindan servicios y nos ayudan en la operaci\u00f3n de nuestro Sitio y la prestaci\u00f3n de servicios relacionados. Estos proveedores de servicios est\u00e1n sujetos a estrictas obligaciones de confidencialidad y solo utilizamos tus datos en la medida necesaria para que nos presten los servicios requeridos.<\/span><\/p><p><span style=\"font-weight: 400;\">3.2. Cumplimiento legal: Podemos divulgar tu informaci\u00f3n personal si as\u00ed lo exige la ley o si creemos de buena fe que dicha divulgaci\u00f3n es necesaria para proteger nuestros derechos legales, tu seguridad o la seguridad de otros, investigar fraudes o responder a una solicitud legal.<\/span><\/p><p><strong>Cookies and similar technologies<\/strong><\/p><p><span style=\"font-weight: 400;\">Nuestro Sitio utiliza cookies y tecnolog\u00edas similares para recopilar cierta informaci\u00f3n autom\u00e1ticamente. Estas tecnolog\u00edas nos ayudan a mejorar tu experiencia en l\u00ednea y a recopilar informaci\u00f3n estad\u00edstica sobre el uso de nuestro Sitio. Puedes configurar tu navegador para rechazar todas o algunas cookies, pero esto puede afectar tu experiencia de navegaci\u00f3n en el Sitio.<\/span><\/p><p><strong>Security of the information<\/strong><\/p><p><span style=\"font-weight: 400;\">Tomamos medidas razonables para proteger tu informaci\u00f3n personal contra el acceso no autorizado, la divulgaci\u00f3n, el uso indebido o la alteraci\u00f3n. Sin embargo, ten en cuenta que ninguna transmisi\u00f3n de datos a trav\u00e9s de Internet o sistema de almacenamiento electr\u00f3nico es completamente segura. Por lo tanto, no podemos garantizar la seguridad absoluta de tu informaci\u00f3n.<\/span><\/p><p><strong>Tus derechos<\/strong><\/p><p><span style=\"font-weight: 400;\">T\u00fa tienes ciertos derechos en relaci\u00f3n con tus datos personales seg\u00fan lo establecido por la ley espa\u00f1ola de protecci\u00f3n de datos. Estos derechos pueden incluir el acceso, rectificaci\u00f3n, eliminaci\u00f3n y restricci\u00f3n del procesamiento de tus datos personales. Si deseas ejercer alguno de estos derechos, comun\u00edcate con nosotros utilizando la informaci\u00f3n de contacto proporcionada al final de esta Pol\u00edtica de Privacidad.<\/span><\/p><p><strong>Changes to this Privacy Policy<\/strong><\/p><p><span style=\"font-weight: 400;\">Podemos actualizar esta Pol\u00edtica de Privacidad de vez en cuando. Te notificaremos cualquier cambio significativo publicando la versi\u00f3n actualizada en nuestro Sitio. Te recomendamos que revises peri\u00f3dicamente esta Pol\u00edtica de Privacidad para estar informado\/a sobre c\u00f3mo protegemos tu informaci\u00f3n.<\/span><\/p><p><strong>Contact<\/strong><\/p><p><span style=\"font-weight: 400;\">Si tienes alguna pregunta, inquietud o solicitud relacionada con esta Pol\u00edtica de Privacidad, no dudes en contactarnos a trav\u00e9s de los siguientes medios:<\/span><\/p><p><span style=\"font-weight: 400;\">\u00a0MOTO EXPERIENCE GARAGE S.L<\/span><\/p><p><span style=\"font-weight: 400;\">Adress:  AVDA TEROL, NUM 11<\/span><\/p><p><span style=\"font-weight: 400;\">43892 MONT-ROIG DEL CAMP \u2013 (TARRAGONA)<\/span><\/p><p><span style=\"font-weight: 400;\">Email adress: hola@360motogarage.com<\/span><\/p><p><span style=\"font-weight: 400;\">Phone: +34635826634<\/span><\/p><p><span style=\"font-weight: 400;\">Te agradecemos por confiar en 360 MOTO GARAGE y por utilizar nuestro Sitio.tt<\/span><\/p>\t\t\t\t\t\t<\/div>\n\t\t\t\t<\/div>\n\t\t\t\t\t<\/div>\n\t\t<\/div>\n\t\t\t\t\t<\/div>\n\t\t<\/section>\n\t\t\t\t<div class=\"elementor-element elementor-element-e71c858 elementor-widget elementor-widget-spacer\" data-id=\"e71c858\" data-element_type=\"widget\" data-widget_type=\"spacer.default\">\n\t\t\t\t<div class=\"elementor-widget-container\">\n\t\t\t\t\t<div class=\"elementor-spacer\">\n\t\t\t<div class=\"elementor-spacer-inner\"><\/div>\n\t\t<\/div>\n\t\t\t\t<\/div>\n\t\t\t\t<\/div>\n\t\t\t\t\t<\/div>\n\t\t<\/div>\n\t\t\t\t\t<\/div>\n\t\t<\/section>\n\t\t\t\t<\/div>","protected":false},"excerpt":{"rendered":"<p>POL\u00cdTICA DE PRIVACIDAD Y COOKIES Nos tomamos muy en serio la protecci\u00f3n de tu privacidad y nos comprometemos a cumplir con las leyes y regulaciones aplicables en materia de protecci\u00f3n de datos en Espa\u00f1a. Esta Pol\u00edtica de Privacidad describe c\u00f3mo recopilamos, usamos, divulgamos y protegemos tu informaci\u00f3n personal cuando utilizas nuestro sitio web y servicios [&hellip;]<\/p>","protected":false},"author":1,"featured_media":152,"parent":0,"menu_order":0,"comment_status":"closed","ping_status":"closed","template":"","meta":{"om_disable_all_campaigns":false,"_monsterinsights_skip_tracking":false,"_monsterinsights_sitenote_active":false,"_monsterinsights_sitenote_note":"","_monsterinsights_sitenote_category":0,"_uf_show_specific_survey":0,"_uf_disable_surveys":false,"site-sidebar-layout":"default","site-content-layout":"","ast-site-content-layout":"","site-content-style":"default","site-sidebar-style":"default","ast-global-header-display":"","ast-banner-title-visibility":"","ast-main-header-display":"","ast-hfb-above-header-display":"","ast-hfb-below-header-display":"","ast-hfb-mobile-header-display":"","site-post-title":"","ast-breadcrumbs-content":"","ast-featured-img":"disabled","footer-sml-layout":"","theme-transparent-header-meta":"","adv-header-id-meta":"","stick-header-meta":"","header-above-stick-meta":"","header-main-stick-meta":"","header-below-stick-meta":"","astra-migrate-meta-layouts":"default","ast-page-background-enabled":"default","ast-page-background-meta":{"desktop":{"background-color":"var(--ast-global-color-4)","background-image":"","background-repeat":"repeat","background-position":"center center","background-size":"auto","background-attachment":"scroll","background-type":"","background-media":"","overlay-type":"","overlay-color":"","overlay-opacity":"","overlay-gradient":""},"tablet":{"background-color":"","background-image":"","background-repeat":"repeat","background-position":"center center","background-size":"auto","background-attachment":"scroll","background-type":"","background-media":"","overlay-type":"","overlay-color":"","overlay-opacity":"","overlay-gradient":""},"mobile":{"background-color":"","background-image":"","background-repeat":"repeat","background-position":"center center","background-size":"auto","background-attachment":"scroll","background-type":"","background-media":"","overlay-type":"","overlay-color":"","overlay-opacity":"","overlay-gradient":""}},"ast-content-background-meta":{"desktop":{"background-color":"var(--ast-global-color-5)","background-image":"","background-repeat":"repeat","background-position":"center center","background-size":"auto","background-attachment":"scroll","background-type":"","background-media":"","overlay-type":"","overlay-color":"","overlay-opacity":"","overlay-gradient":""},"tablet":{"background-color":"var(--ast-global-color-5)","background-image":"","background-repeat":"repeat","background-position":"center center","background-size":"auto","background-attachment":"scroll","background-type":"","background-media":"","overlay-type":"","overlay-color":"","overlay-opacity":"","overlay-gradient":""},"mobile":{"background-color":"var(--ast-global-color-5)","background-image":"","background-repeat":"repeat","background-position":"center center","background-size":"auto","background-attachment":"scroll","background-type":"","background-media":"","overlay-type":"","overlay-color":"","overlay-opacity":"","overlay-gradient":""}},"footnotes":""},"class_list":["post-1049","page","type-page","status-publish","has-post-thumbnail","hentry"],"aioseo_notices":[],"_links":{"self":[{"href":"https:\/\/360motogarage.com\/en\/wp-json\/wp\/v2\/pages\/1049"}],"collection":[{"href":"https:\/\/360motogarage.com\/en\/wp-json\/wp\/v2\/pages"}],"about":[{"href":"https:\/\/360motogarage.com\/en\/wp-json\/wp\/v2\/types\/page"}],"author":[{"embeddable":true,"href":"https:\/\/360motogarage.com\/en\/wp-json\/wp\/v2\/users\/1"}],"replies":[{"embeddable":true,"href":"https:\/\/360motogarage.com\/en\/wp-json\/wp\/v2\/comments?post=1049"}],"version-history":[{"count":17,"href":"https:\/\/360motogarage.com\/en\/wp-json\/wp\/v2\/pages\/1049\/revisions"}],"predecessor-version":[{"id":2100,"href":"https:\/\/360motogarage.com\/en\/wp-json\/wp\/v2\/pages\/1049\/revisions\/2100"}],"wp:featuredmedia":[{"embeddable":true,"href":"https:\/\/360motogarage.com\/en\/wp-json\/wp\/v2\/media\/152"}],"wp:attachment":[{"href":"https:\/\/360motogarage.com\/en\/wp-json\/wp\/v2\/media?parent=1049"}],"curies":[{"name":"wp","href":"https:\/\/api.w.org\/{rel}","templated":true}]}}